{"id":542,"date":"2020-01-13T14:41:29","date_gmt":"2020-01-13T14:41:29","guid":{"rendered":"http:\/\/fishing-guides-slovenia.com\/fishing-seasons-in-slovenia\/"},"modified":"2020-01-13T14:41:29","modified_gmt":"2020-01-13T14:41:29","slug":"fiskesasonger-i-slovenien","status":"publish","type":"page","link":"https:\/\/fishing-guides-slovenia.com\/sv\/fishing-seasons-in-slovenia\/","title":{"rendered":"Fiskes\u00e4songer i Slovenien"},"content":{"rendered":"<h3 class=\"wp-block-heading\" id=\"January\"><strong>Januari<\/strong><\/h3>\n\n\n\n<p>I januari \u00e4r Huchen, den slovenska fiskens kung, st\u00e4ndigt p\u00e5 jakt efter byten, s\u00e5 det \u00e4r inte om\u00f6jligt att f\u00e5nga de stora fiskarna. Men t\u00e4nk p\u00e5 att du har fram till mitten av februari p\u00e5 dig att g\u00f6ra det. N\u00e4r det g\u00e4ller g\u00e4dda \u00e4r denna slovenska s\u00f6tvattensr\u00e5vara aktiv under de kalla vinterm\u00e5naderna.<\/p>\n\n\n\n<h3 class=\"wp-block-heading\" id=\"February\"><strong>Februari<\/strong><\/h3>\n\n\n\n<p>Under den h\u00e4r kalla m\u00e5naden \u00e4r Huchen och g\u00e4dda aktiva och kan f\u00e5ngas i o\u00f6verkomliga storlekar. Varma kl\u00e4der och t\u00e5lamod kr\u00e4vs.&nbsp;<\/p>\n\n\n\n<figure class=\"wp-block-image\"><img decoding=\"async\" src=\"https:\/\/960335.smushcdn.com\/2671427\/wp-content\/uploads\/2020\/04\/webp_net_resizeimage_9sfN9.webp?lossy=1&amp;strip=1&amp;webp=1\" alt=\"Resultat av morgonens flugfiske p\u00e5 floden So\u010da\"\/><\/figure>\n\n\n\n<h3 class=\"wp-block-heading\" id=\"March\"><strong>Mars<\/strong><\/h3>\n\n\n\n<p>I b\u00f6rjan av den h\u00e4r m\u00e5naden b\u00f6rjar naturen vakna upp, och med den \u00e4ven karpen. I slutet av mars kan vissa floder ocks\u00e5 erbjuda \u00f6ring i rimliga m\u00e4ngder.&nbsp;&nbsp;&nbsp;<\/p>\n\n\n\n<h3 class=\"wp-block-heading\" id=\"April\"><strong>April<\/strong><\/h3>\n\n\n\n<p>S\u00e4songen f\u00f6r flugfiske \u00e4r officiellt \u00f6ppnad med alla typer av \u00f6ring i \u00f6verfl\u00f6d.&nbsp;<\/p>\n\n\n\n<figure class=\"wp-block-image\"><img decoding=\"async\" src=\"https:\/\/960335.smushcdn.com\/2671427\/wp-content\/uploads\/2020\/04\/webp_net_resizeimage_3CyJz.webp?lossy=1&amp;strip=1&amp;webp=1\" alt=\"L\u00e5ng mager regnb\u00e5ge f\u00e5ngad i Savinja-floden\"\/><\/figure>\n\n\n\n<h3 class=\"wp-block-heading\" id=\"May\"><strong>Maj<\/strong><\/h3>\n\n\n\n<p>Denna underbara tid p\u00e5 \u00e5ret \u00e4r b\u00f6rjan p\u00e5 g\u00e4ddans\u00e4songen. Det \u00e4r den perfekta tiden f\u00f6r att f\u00e5nga detta skandal\u00f6sa rovdjur. I mitten av maj \u00f6ppnar s\u00e4songen f\u00f6r harr och p\u00e5g\u00e5r fram till senh\u00f6sten.&nbsp;&nbsp;<\/p>\n\n\n\n<p>Maj \u00e4r ocks\u00e5 bra f\u00f6r dem som vill f\u00e5nga en stor Wels Catfish. Tillsammans med barbellen \u00e4r wels mest aktiv under v\u00e5ren, med en skyddsperiod fr\u00e5n den 1 maj till den 30 juni.&nbsp;<\/p>\n\n\n\n<h3 class=\"wp-block-heading\" id=\"July and August\"><strong>juli och augusti<\/strong><\/h3>\n\n\n\n<p>Sommarm\u00e5naderna \u00e4r de mest rikliga. Alla fiskarter kan f\u00e5ngas under denna varma period. Dagarna \u00e4r l\u00e4ngre och d\u00e4rmed ocks\u00e5 tiden f\u00f6r att fiska. Nattfiske efter karp \u00e4r alltid en utm\u00e4rkt id\u00e9.&nbsp;<\/p>\n\n\n\n<figure class=\"wp-block-image\"><img decoding=\"async\" src=\"https:\/\/960335.smushcdn.com\/2671427\/wp-content\/uploads\/2020\/02\/pike-2.webp?lossy=1&amp;strip=1&amp;webp=1\" alt=\"Fiskare och hans st\u00f6rsta f\u00e5ngst f\u00f6r dagen\"\/><\/figure>\n\n\n\n<h3 class=\"wp-block-heading\" id=\"September\"><strong>September<\/strong><\/h3>\n\n\n\n<p>Den tidiga h\u00f6sten b\u00f6rjar sakta l\u00e4gga sig och fisken har fullt upp med att \u00e4ta inf\u00f6r sin vintervila. H\u00f6sten \u00e4r perfekt f\u00f6r att f\u00e5nga fisk av n\u00e4stan alla arter.&nbsp;<\/p>\n\n\n\n<h3 class=\"wp-block-heading\" id=\"October\"><strong>Oktober<\/strong><\/h3>\n\n\n\n<p>I b\u00f6rjan av den h\u00e4r m\u00e5naden \u00e4r s\u00e4songen f\u00f6r att f\u00e5nga de slovenska vattnens kung, Donaulaxen, \u00e5terigen \u00f6ppen. Du kan f\u00e5nga denna fantastiska fisk fram till den 15 februari. I slutet av oktober avslutas s\u00e4songen f\u00f6r marmor\u00f6ring. Om h\u00f6stm\u00e5naderna \u00e4r tillr\u00e4ckligt varma kan de flesta slovenska fiskar fortfarande f\u00e5ngas fram till november.&nbsp;&nbsp;<\/p>\n\n\n\n<figure class=\"wp-block-image\"><img decoding=\"async\" src=\"https:\/\/960335.smushcdn.com\/2671427\/wp-content\/uploads\/2020\/02\/rainbow-trout-1.webp?lossy=1&amp;strip=1&amp;webp=1\" alt=\"Fiskare med regnb\u00e5gsforell i h\u00e4nderna\"\/><\/figure>\n\n\n\n<h3 class=\"wp-block-heading\" id=\"November\"><strong>November<\/strong><\/h3>\n\n\n\n<p>Tiden d\u00e5 naturen b\u00f6rjar lugna sig. Det \u00e4r dags f\u00f6r \u00e4lskare av lugn och ensamhet att ge sig ut p\u00e5 floder och sj\u00f6ar i syfte att f\u00e5nga karp, harr och \u00f6ring i trof\u00e9storlek.<\/p>\n\n\n\n<figure class=\"wp-block-image\"><img decoding=\"async\" src=\"https:\/\/960335.smushcdn.com\/2671427\/wp-content\/uploads\/2020\/03\/Robert-R.webp?lossy=1&amp;strip=1&amp;webp=1\" alt=\"Fiske i det slovenska havet\"\/><figcaption>Robert R Fiskeguide<\/figcaption><\/figure>\n\n\n\n<h3 class=\"wp-block-heading\" id=\"December\"><strong>December<\/strong><\/h3>\n\n\n\n<p>Det \u00e4r d\u00e5 de flesta fiskar \u00e4r mindre aktiva, men vinters\u00e4songen har sina f\u00f6rdelar. Den stora Huchen kan f\u00e5ngas \u00e4nda fram till mitten av februari, g\u00e4ddan \u00e4r en givande f\u00e5ngst fram till slutet av januari och en karp i trof\u00e9storlek v\u00e4ntar fortfarande i Bled-sj\u00f6ns isiga vatten.<\/p>","protected":false},"excerpt":{"rendered":"<p>Januari I januari \u00e4r Huchen, kungen av slovenska fiskar, st\u00e4ndigt p\u00e5 jakt efter byte, s\u00e5 att f\u00e5nga de stora \u00e4r inte en om\u00f6jlig uppgift. Men kom ih\u00e5g att du har fram till mitten av februari p\u00e5 dig att g\u00f6ra det. N\u00e4r det g\u00e4ller g\u00e4dda \u00e4r detta slovenska s\u00f6tvattensrovdjur aktivt under kalla vinterm\u00e5nader. Februari Under denna frysande ... <a href=\"https:\/\/fishing-guides-slovenia.com\/sv\/fishing-seasons-in-slovenia\/\">Forts\u00e4ttning<\/a><\/p>","protected":false},"author":46,"featured_media":0,"parent":0,"menu_order":12,"comment_status":"open","ping_status":"open","template":"","meta":{"footnotes":""},"class_list":["post-542","page","type-page","status-publish","hentry"],"acf":{"page_subheading":"The good news is that fishing can be enjoyed in Slovenia all year round. Check out the months to enjoy Fly, Carp or Sea fishing in Slovenia."},"_links":{"self":[{"href":"https:\/\/fishing-guides-slovenia.com\/sv\/wp-json\/wp\/v2\/pages\/542","targetHints":{"allow":["GET"]}}],"collection":[{"href":"https:\/\/fishing-guides-slovenia.com\/sv\/wp-json\/wp\/v2\/pages"}],"about":[{"href":"https:\/\/fishing-guides-slovenia.com\/sv\/wp-json\/wp\/v2\/types\/page"}],"author":[{"embeddable":true,"href":"https:\/\/fishing-guides-slovenia.com\/sv\/wp-json\/wp\/v2\/users\/46"}],"replies":[{"embeddable":true,"href":"https:\/\/fishing-guides-slovenia.com\/sv\/wp-json\/wp\/v2\/comments?post=542"}],"version-history":[{"count":0,"href":"https:\/\/fishing-guides-slovenia.com\/sv\/wp-json\/wp\/v2\/pages\/542\/revisions"}],"wp:attachment":[{"href":"https:\/\/fishing-guides-slovenia.com\/sv\/wp-json\/wp\/v2\/media?parent=542"}],"curies":[{"name":"wp","href":"https:\/\/api.w.org\/{rel}","templated":true}]}}