{"id":560,"date":"2020-04-22T21:48:47","date_gmt":"2020-04-22T21:48:47","guid":{"rendered":"http:\/\/fishing-guides-slovenia.com\/tailor-made\/"},"modified":"2022-12-05T11:00:38","modified_gmt":"2022-12-05T11:00:38","slug":"skraddarsydd","status":"publish","type":"page","link":"https:\/\/fishing-guides-slovenia.com\/sv\/tailor-made\/","title":{"rendered":"Skr\u00e4ddarsydd"},"content":{"rendered":"<p>Vi garanterar att varje produkt p\u00e5 v\u00e5r webbplats har utformats f\u00f6r att ge dig den b\u00e4sta&nbsp;<strong>b\u00e4sta fiskeupplevelse<\/strong>&nbsp;Slovenien har att erbjuda. Eftersom vi \u00e4r medvetna om att det \u00e4r om\u00f6jligt att t\u00e4cka in allt och att dina \u00f6nskem\u00e5l kan skilja sig fr\u00e5n v\u00e5rt utbud, ger vi dig m\u00f6jlighet att utforma din egen fiskesemester.&nbsp;<\/p>\n\n\n\n<p>Du kan helt och h\u00e5llet anpassa din<strong>Fiskesemester i Slovenien<\/strong>enligt dina \u00f6nskem\u00e5l, och vi \u00e4r h\u00e4r f\u00f6r att hj\u00e4lpa dig varje steg p\u00e5 v\u00e4gen. V\u00e4lj hur m\u00e5nga dagar du vill stanna, vilka vatten du vill fiska i, vilka fisketekniker du vill prova, vilken typ av boende du f\u00f6redrar... Du kan till och med v\u00e4lja var eller vad du vill \u00e4ta.<\/p>\n\n\n\n<p>Vi \u00e4r h\u00e4r f\u00f6r att g\u00f6ra allt m\u00f6jligt, f\u00f6r att ge dig den<strong>b\u00e4sta fiskeguider<\/strong>och se till att du \u00e5terv\u00e4nder en dag. S\u00e5 tveka inte att ber\u00e4tta allt du vill ha och exakt hur du vill ha det.<\/p>\n\n\n\n<p>Hur fungerar det?<\/p>\n\n\n\n<p>Du kan antingen v\u00e4lja en av v\u00e5ra&nbsp;<strong>befintliga paket f\u00f6r fiskesemester<\/strong>&nbsp;och modifiera den enligt dina \u00f6nskem\u00e5l, eller s\u00e5 kan vi skapa en&nbsp;<strong>ett personligt paket som utformats speciellt f\u00f6r dig<\/strong>.<\/p>\n\n\n\n<p>Allt du beh\u00f6ver g\u00f6ra \u00e4r att&nbsp;<strong>fylla i f\u00f6rfr\u00e5gan<\/strong>&nbsp;d\u00e4r du anger alla dina \u00f6nskem\u00e5l s\u00e5 kontaktar vi dig f\u00f6r att diskutera varje detalj av din n\u00e4sta perfekta fiskesemester.<\/p>","protected":false},"excerpt":{"rendered":"<p>Vi garanterar att varje produkt p\u00e5 v\u00e5r webbplats har utformats f\u00f6r att ge dig den b\u00e4sta fiskeupplevelsen som Slovenien har att erbjuda. Eftersom vi \u00e4r medvetna om att det \u00e4r om\u00f6jligt att t\u00e4cka allt och att dina \u00f6nskem\u00e5l kan skilja sig fr\u00e5n v\u00e5rt erbjudande, ger vi dig m\u00f6jlighet att utforma din helt egen fiskesemester.  Du kan helt anpassa ... <a href=\"https:\/\/fishing-guides-slovenia.com\/sv\/tailor-made\/\">Forts\u00e4ttning<\/a><\/p>","protected":false},"author":46,"featured_media":1553,"parent":0,"menu_order":28,"comment_status":"open","ping_status":"open","template":"","meta":{"footnotes":""},"class_list":["post-560","page","type-page","status-publish","has-post-thumbnail","hentry"],"acf":{"page_subheading":"Personalise your fishing holidays in Slovenia and get an all-inclusive experience. Everything tailored exactly to your needs and wishes."},"_links":{"self":[{"href":"https:\/\/fishing-guides-slovenia.com\/sv\/wp-json\/wp\/v2\/pages\/560","targetHints":{"allow":["GET"]}}],"collection":[{"href":"https:\/\/fishing-guides-slovenia.com\/sv\/wp-json\/wp\/v2\/pages"}],"about":[{"href":"https:\/\/fishing-guides-slovenia.com\/sv\/wp-json\/wp\/v2\/types\/page"}],"author":[{"embeddable":true,"href":"https:\/\/fishing-guides-slovenia.com\/sv\/wp-json\/wp\/v2\/users\/46"}],"replies":[{"embeddable":true,"href":"https:\/\/fishing-guides-slovenia.com\/sv\/wp-json\/wp\/v2\/comments?post=560"}],"version-history":[{"count":2,"href":"https:\/\/fishing-guides-slovenia.com\/sv\/wp-json\/wp\/v2\/pages\/560\/revisions"}],"predecessor-version":[{"id":1271,"href":"https:\/\/fishing-guides-slovenia.com\/sv\/wp-json\/wp\/v2\/pages\/560\/revisions\/1271"}],"wp:featuredmedia":[{"embeddable":true,"href":"https:\/\/fishing-guides-slovenia.com\/sv\/wp-json\/wp\/v2\/media\/1553"}],"wp:attachment":[{"href":"https:\/\/fishing-guides-slovenia.com\/sv\/wp-json\/wp\/v2\/media?parent=560"}],"curies":[{"name":"wp","href":"https:\/\/api.w.org\/{rel}","templated":true}]}}