{"id":561,"date":"2020-04-22T22:31:31","date_gmt":"2020-04-22T22:31:31","guid":{"rendered":"http:\/\/fishing-guides-slovenia.com\/equipment-rental\/"},"modified":"2022-12-05T09:59:38","modified_gmt":"2022-12-05T09:59:38","slug":"uthyrning-av-utrustning","status":"publish","type":"page","link":"https:\/\/fishing-guides-slovenia.com\/sv\/equipment-rental\/","title":{"rendered":"Uthyrning av utrustning"},"content":{"rendered":"<p><\/p>\n\n\n\n<p>En del av er har redan planer f\u00f6r er fiskeresa i Slovenien, ni har redan alla detaljer och vet var ni ska fiska, men problemet \u00e4r att ni flyger eller har andra problem med att transportera er fiskeutrustning till v\u00e5rt land. Oroa dig inte, vi kan ocks\u00e5 ta hand om det. Speciellt f\u00f6r s\u00e5dana fall har vi en hel del extrautrustning som \u00e4r m\u00f6jlig att hyra. F\u00f6r alla typer av fiske (utom havsfiske) har vi all utrustning du beh\u00f6ver, fr\u00e5n sp\u00f6n, vadare och t\u00e4lt ner till den minsta flugkroken.<\/p>\n\n\n\n<p>V\u00e5r byr\u00e5 ligger i Ljubljana, d\u00e4r du kan h\u00e4mta utrustningen och sedan l\u00e4mna den, men f\u00f6r ett extra pris kan vi ocks\u00e5 leverera utrustningen till dig och sedan h\u00e4mta den i slutet av dagen\/sessionen.<\/p>\n\n\n\n<figure class=\"wp-block-image\"><img decoding=\"async\" src=\"https:\/\/960335.smushcdn.com\/2671427\/wp-content\/uploads\/2020\/07\/fishing-equipment.webp?lossy=1&amp;strip=1&amp;webp=1\" alt=\"\"\/><\/figure>\n\n\n\n<h3 class=\"wp-block-heading\" id=\"headline-92-1209\">Utrustning f\u00f6r flugfiske<\/h3>\n\n\n\n<ul class=\"wp-block-list\"><li>Sp\u00f6 (Orvis) - 30 \u20ac<\/li><li>Waders - 30 \u20ac<\/li><li>Landningsn\u00e4t - 5 \u20ac<\/li><li>Flugor (10 i ett paket, du kan beh\u00e5lla dem) - 30 \u20ac.<\/li><li>Belly boat - 50 \u20ac<\/li><li><strong>Komplett paket&nbsp;<\/strong>(sp\u00f6, vadare, landningsn\u00e4t) - 50<\/li><li>Avl\u00e4mning och upph\u00e4mtning - 40 \u20ac<\/li><\/ul>\n\n\n\n<figure class=\"wp-block-image\"><img decoding=\"async\" src=\"https:\/\/960335.smushcdn.com\/2671427\/wp-content\/uploads\/2020\/04\/fly-fishing-bait.webp?lossy=1&amp;strip=1&amp;webp=1\" alt=\"\"\/><\/figure>\n\n\n\n<h3 class=\"wp-block-heading\" id=\"headline-94-1209\">Utrustning f\u00f6r karpfiske<\/h3>\n\n\n\n<ul class=\"wp-block-list\"><li>2 sp\u00f6n (Daiwa) - 30 \u20ac<\/li><li>Rod Pod , bettlarm, swingers - 20 \u20ac<\/li><li>T\u00e4lt, s\u00e4ngstol, sovs\u00e4ck - 30 \u20ac<\/li><li>Vagga, viktsling, landningsn\u00e4t, v\u00e5g, hink - 20 \u20ac<\/li><li>B\u00e5t - 30 \u20ac<\/li><li>Boilies (5kg) - 30 \u20ac<\/li><li>Partikel (10kg) - 10 \u20ac<\/li><li>Matlagningsutrustning (tallrikar, bestick, spis, litet bord, kylv\u00e4ska) - 20 \u20ac.<\/li><li><strong>Komplett paket Dagssession<\/strong>&nbsp;( 2 sp\u00f6n, sp\u00f6kapsel, beteslarm, vagga, viktslinga, landningsn\u00e4t, v\u00e5g, hink) - 70 \u20ac.<\/li><li><strong>Komplettpaket Fiskekampanjer&nbsp;<\/strong>(sp\u00f6n, sp\u00f6, betesvarnare, vagga, viktslinga, landningsn\u00e4t, v\u00e5g, hink, t\u00e4lt, s\u00e4ngstol, sovs\u00e4ck, matlagningsutrustning) - 100 \u20ac.<\/li><li>Avl\u00e4mning och upph\u00e4mtning - 40 \u20ac<\/li><\/ul>\n\n\n\n<figure class=\"wp-block-image\"><img decoding=\"async\" src=\"https:\/\/960335.smushcdn.com\/2671427\/wp-content\/uploads\/2020\/01\/bled-carp-1.webp?lossy=1&amp;strip=1&amp;webp=1\" alt=\"\"\/><\/figure>\n\n\n\n<h3 class=\"wp-block-heading\" id=\"headline-97-1209\">Utrustning f\u00f6r spinnfiske<\/h3>\n\n\n\n<ul class=\"wp-block-list\"><li>Sp\u00f6 (Sportex) - 30 \u20ac<\/li><li>Lockmedel (10) - 20 \u20ac<\/li><li>Waders - 30 \u20ac<\/li><li>Landningsn\u00e4t - 5 \u20ac<\/li><li><strong>Komplett paket<\/strong>&nbsp;(sp\u00f6, beten, vadare, landningsn\u00e4t) - 50 \u20ac.<\/li><li>Avl\u00e4mning och upph\u00e4mtning - 40 \u20ac<\/li><\/ul>","protected":false},"excerpt":{"rendered":"<p>Vissa av er har redan planer f\u00f6r er fiskeresa i Slovenien, har redan alla detaljer och vet var ni ska fiska, men ert problem \u00e4r att ni flyger eller har andra problem med att transportera er fiskeutrustning till v\u00e5rt land. Oroa dig inte, vi kan ocks\u00e5 ta hand om det. Speciellt f\u00f6r s\u00e5dana fall har vi ... <a href=\"https:\/\/fishing-guides-slovenia.com\/sv\/equipment-rental\/\">Forts\u00e4ttning<\/a><\/p>","protected":false},"author":46,"featured_media":1525,"parent":0,"menu_order":7,"comment_status":"open","ping_status":"open","template":"","meta":{"footnotes":""},"class_list":["post-561","page","type-page","status-publish","has-post-thumbnail","hentry"],"acf":{"page_subheading":"A perfect solution for those, who can\u2019t bring your own equipment with you. We'll have you covered with rods, waders, baits and tents."},"_links":{"self":[{"href":"https:\/\/fishing-guides-slovenia.com\/sv\/wp-json\/wp\/v2\/pages\/561","targetHints":{"allow":["GET"]}}],"collection":[{"href":"https:\/\/fishing-guides-slovenia.com\/sv\/wp-json\/wp\/v2\/pages"}],"about":[{"href":"https:\/\/fishing-guides-slovenia.com\/sv\/wp-json\/wp\/v2\/types\/page"}],"author":[{"embeddable":true,"href":"https:\/\/fishing-guides-slovenia.com\/sv\/wp-json\/wp\/v2\/users\/46"}],"replies":[{"embeddable":true,"href":"https:\/\/fishing-guides-slovenia.com\/sv\/wp-json\/wp\/v2\/comments?post=561"}],"version-history":[{"count":4,"href":"https:\/\/fishing-guides-slovenia.com\/sv\/wp-json\/wp\/v2\/pages\/561\/revisions"}],"predecessor-version":[{"id":1914,"href":"https:\/\/fishing-guides-slovenia.com\/sv\/wp-json\/wp\/v2\/pages\/561\/revisions\/1914"}],"wp:featuredmedia":[{"embeddable":true,"href":"https:\/\/fishing-guides-slovenia.com\/sv\/wp-json\/wp\/v2\/media\/1525"}],"wp:attachment":[{"href":"https:\/\/fishing-guides-slovenia.com\/sv\/wp-json\/wp\/v2\/media?parent=561"}],"curies":[{"name":"wp","href":"https:\/\/api.w.org\/{rel}","templated":true}]}}