{"id":566,"date":"2020-04-23T10:07:09","date_gmt":"2020-04-23T10:07:09","guid":{"rendered":"http:\/\/fishing-guides-slovenia.com\/carp-fishing-season\/"},"modified":"2024-07-30T09:59:21","modified_gmt":"2024-07-30T09:59:21","slug":"sasong-for-karpfiske","status":"publish","type":"page","link":"https:\/\/fishing-guides-slovenia.com\/sv\/carp-fishing-season\/","title":{"rendered":"S\u00e4song f\u00f6r karpfiske"},"content":{"rendered":"<h2 class=\"wp-block-heading\">Januari<\/h2>\n\n\n\n<p>En m\u00e5nad f\u00f6r de mest ih\u00e4rdiga karpfiskarna. Sj\u00f6arna \u00e4r mestadels frusna, s\u00e5 floderna \u00e4r perfekta om du vill f\u00e5nga en vinterkarp. Med lite f\u00f6rbete \u00e4r chanserna till framg\u00e5ng inte alls sm\u00e5!<\/p>\n\n\n\n<figure class=\"wp-block-image size-large\"><img loading=\"lazy\" decoding=\"async\" width=\"1024\" height=\"645\" src=\"https:\/\/fishing-guides-slovenia.com\/wp-content\/uploads\/Lake-Bled-in-winter-1024x645.webp\" alt=\"Vew \u00f6ver gotisk kyrka p\u00e5 \u00f6n Bled Lake, Slovenien\" class=\"wp-image-2406\" srcset=\"https:\/\/fishing-guides-slovenia.com\/wp-content\/uploads\/Lake-Bled-in-winter-1024x645.webp 1024w, https:\/\/fishing-guides-slovenia.com\/wp-content\/uploads\/Lake-Bled-in-winter-300x189.webp 300w, https:\/\/fishing-guides-slovenia.com\/wp-content\/uploads\/Lake-Bled-in-winter-768x484.webp 768w, https:\/\/fishing-guides-slovenia.com\/wp-content\/uploads\/Lake-Bled-in-winter-1536x968.webp 1536w, https:\/\/fishing-guides-slovenia.com\/wp-content\/uploads\/Lake-Bled-in-winter-18x12.webp 18w, https:\/\/fishing-guides-slovenia.com\/wp-content\/uploads\/Lake-Bled-in-winter.webp 2000w\" sizes=\"auto, (max-width: 1024px) 100vw, 1024px\" \/><figcaption class=\"wp-element-caption\">Bledsj\u00f6n p\u00e5 vintern<\/figcaption><\/figure>\n\n\n\n<h2 class=\"wp-block-heading\">Februari<\/h2>\n\n\n\n<p>I februari beror karpfisket i Slovenien p\u00e5 hur h\u00e5rd vintern var det \u00e5ret. F\u00f6r det mesta \u00e4r andra halvan av februari alltid en bra tid f\u00f6r att f\u00e5nga en f\u00f6rsta karp, om f\u00f6rh\u00e5llandena \u00e4r bra kan du till och med f\u00e5 m\u00e5nga bett p\u00e5 en enda dag. Fisken \u00e4r fortfarande lite s\u00f6mnig, s\u00e5 du kan anv\u00e4nda detta till din f\u00f6rdel och lura en stor karp att ta ditt bete.<\/p>\n\n\n\n<figure class=\"wp-block-image size-large\"><img loading=\"lazy\" decoding=\"async\" width=\"1024\" height=\"682\" src=\"https:\/\/fishing-guides-slovenia.com\/wp-content\/uploads\/carp-1-1-1024x682.webp\" alt=\"\" class=\"wp-image-1947\" srcset=\"https:\/\/fishing-guides-slovenia.com\/wp-content\/uploads\/carp-1-1-1024x682.webp 1024w, https:\/\/fishing-guides-slovenia.com\/wp-content\/uploads\/carp-1-1-300x200.webp 300w, https:\/\/fishing-guides-slovenia.com\/wp-content\/uploads\/carp-1-1-768x511.webp 768w, https:\/\/fishing-guides-slovenia.com\/wp-content\/uploads\/carp-1-1-18x12.webp 18w, https:\/\/fishing-guides-slovenia.com\/wp-content\/uploads\/carp-1-1.webp 1250w\" sizes=\"auto, (max-width: 1024px) 100vw, 1024px\" \/><figcaption class=\"wp-element-caption\">Fiskeguide som h\u00e5ller en karp<\/figcaption><\/figure>\n\n\n\n<h2 class=\"wp-block-heading\">Mars<\/h2>\n\n\n\n<p>Mars \u00e4r en inofficiell \u00f6ppning av karpfiskes\u00e4songen. V\u00e4dret blir varmare och vattnet likas\u00e5, fiskarna blir mer aktiva och de \u00e4r hungriga efter vinters\u00f6mnen, s\u00e5 f\u00f6ruts\u00e4ttningarna f\u00f6r karpfiske \u00e4r goda. Eftersom karpfiske i Bledsj\u00f6n inte \u00e4r till\u00e5tet f\u00f6rr\u00e4n i april \u00e4r \u0160martinskosj\u00f6n den perfekta platsen att vara p\u00e5 under n\u00e5gra dagar, och s\u00e4songens f\u00f6rsta 20+ fiskar \u00e4r bara n\u00e5gra kast bort.<\/p>\n\n\n\n<figure class=\"wp-block-image size-large\"><img loading=\"lazy\" decoding=\"async\" width=\"1024\" height=\"768\" src=\"https:\/\/fishing-guides-slovenia.com\/wp-content\/uploads\/smartinsko-5-days-1024x768.webp\" alt=\"smartinsko 5 dagar\" class=\"wp-image-2268\" srcset=\"https:\/\/fishing-guides-slovenia.com\/wp-content\/uploads\/smartinsko-5-days-1024x768.webp 1024w, https:\/\/fishing-guides-slovenia.com\/wp-content\/uploads\/smartinsko-5-days-300x225.webp 300w, https:\/\/fishing-guides-slovenia.com\/wp-content\/uploads\/smartinsko-5-days-768x576.webp 768w, https:\/\/fishing-guides-slovenia.com\/wp-content\/uploads\/smartinsko-5-days-1536x1152.webp 1536w, https:\/\/fishing-guides-slovenia.com\/wp-content\/uploads\/smartinsko-5-days-2048x1536.webp 2048w, https:\/\/fishing-guides-slovenia.com\/wp-content\/uploads\/smartinsko-5-days-16x12.webp 16w, https:\/\/fishing-guides-slovenia.com\/wp-content\/uploads\/smartinsko-5-days-scaled.webp 1920w\" sizes=\"auto, (max-width: 1024px) 100vw, 1024px\" \/><figcaption class=\"wp-element-caption\">Sj\u00f6n \u0160martinsko<\/figcaption><\/figure>\n\n\n\n<h2 class=\"wp-block-heading\">April<\/h2>\n\n\n\n<p>En h\u00f6gs\u00e4song under de f\u00f6rsta sex m\u00e5naderna. Om det n\u00e5gonsin finns tid att f\u00e5nga en karp s\u00e5 \u00e4r det nu. Vattentemperaturen stiger till en punkt d\u00e4r fisken b\u00f6rjar \u00e4ta massivt f\u00f6r att f\u00f6rbereda sig f\u00f6r leken. Dagarna blir l\u00e4ngre, n\u00e4tterna \u00e4r inte s\u00e5 kalla l\u00e4ngre och naturen visar sina attribut. Alla karpfiskevatten fr\u00e5n v\u00e5r lista \u00e4r nu tillg\u00e4ngliga, inklusive Bledsj\u00f6n.<\/p>\n\n\n\n<figure class=\"wp-block-image size-large\"><img loading=\"lazy\" decoding=\"async\" width=\"1024\" height=\"578\" src=\"https:\/\/fishing-guides-slovenia.com\/wp-content\/uploads\/bled-carp-2-1-1024x578.webp\" alt=\"Fiskare som fiskar p\u00e5 sj\u00f6n Bled\" class=\"wp-image-1957\" srcset=\"https:\/\/fishing-guides-slovenia.com\/wp-content\/uploads\/bled-carp-2-1-1024x578.webp 1024w, https:\/\/fishing-guides-slovenia.com\/wp-content\/uploads\/bled-carp-2-1-300x169.webp 300w, https:\/\/fishing-guides-slovenia.com\/wp-content\/uploads\/bled-carp-2-1-768x434.webp 768w, https:\/\/fishing-guides-slovenia.com\/wp-content\/uploads\/bled-carp-2-1-18x10.webp 18w, https:\/\/fishing-guides-slovenia.com\/wp-content\/uploads\/bled-carp-2-1.webp 1250w\" sizes=\"auto, (max-width: 1024px) 100vw, 1024px\" \/><figcaption class=\"wp-element-caption\">Fiske p\u00e5 vackra Bledsj\u00f6n<\/figcaption><\/figure>\n\n\n\n<h2 class=\"wp-block-heading\">Maj<\/h2>\n\n\n\n<p>I vissa sj\u00f6ar \u00e4r vattnet tillr\u00e4ckligt varmt f\u00f6r att karparna ska b\u00f6rja leka, men det \u00e4r oftast inte fallet i Bledsj\u00f6n och \u0160martinskosj\u00f6n, som \u00e4r djupare och d\u00e4rmed kallare. Men \u00e4ven om vattnet \u00e4r lite varmare \u00e4n vanligt, i dessa sj\u00f6ar, leker inte fiskarna alla samtidigt s\u00e5 om du best\u00e4mmer dig f\u00f6r att komma Karpfiske till i Slovenien, maj \u00e4r en bra tid att g\u00f6ra det.<\/p>\n\n\n\n<figure class=\"wp-block-image size-full\"><img loading=\"lazy\" decoding=\"async\" width=\"1250\" height=\"703\" src=\"https:\/\/fishing-guides-slovenia.com\/wp-content\/uploads\/smartinsko-lake-6.webp\" alt=\"\" class=\"wp-image-1785\" srcset=\"https:\/\/fishing-guides-slovenia.com\/wp-content\/uploads\/smartinsko-lake-6.webp 1250w, https:\/\/fishing-guides-slovenia.com\/wp-content\/uploads\/smartinsko-lake-6-300x169.webp 300w, https:\/\/fishing-guides-slovenia.com\/wp-content\/uploads\/smartinsko-lake-6-1024x576.webp 1024w, https:\/\/fishing-guides-slovenia.com\/wp-content\/uploads\/smartinsko-lake-6-768x432.webp 768w, https:\/\/fishing-guides-slovenia.com\/wp-content\/uploads\/smartinsko-lake-6-18x10.webp 18w\" sizes=\"auto, (max-width: 1250px) 100vw, 1250px\" \/><figcaption class=\"wp-element-caption\">F\u00e5nga din egen monsterkarp<\/figcaption><\/figure>\n\n\n\n<h2 class=\"wp-block-heading\">Juni, juli, augusti<\/h2>\n\n\n\n<p>I b\u00f6rjan av sommaren kan det fortfarande finnas vissa tecken p\u00e5 lek, men f\u00f6rh\u00e5llandena f\u00f6r karpfiske i Slovenien \u00e4r b\u00e4st under sommaren. Varmt v\u00e4der, l\u00e5nga dagar med korta n\u00e4tter f\u00f6r att \u00e5terst\u00e4lla din energi, aktiva karpar och gott s\u00e4llskap \u00e4r allt du kan beg\u00e4ra. S\u00e5 om du vill f\u00e5nga stora fiskar medan du tittar p\u00e5 solnedg\u00e5ngen med en \u00f6l i handen, ska du komma till Slovenien f\u00f6r n\u00e5gra dagars karpfiske.<\/p>\n\n\n\n<figure class=\"wp-block-image size-large\"><img loading=\"lazy\" decoding=\"async\" width=\"1024\" height=\"682\" src=\"https:\/\/fishing-guides-slovenia.com\/wp-content\/uploads\/carp-2-1024x682.webp\" alt=\"\" class=\"wp-image-1486\" srcset=\"https:\/\/fishing-guides-slovenia.com\/wp-content\/uploads\/carp-2-1024x682.webp 1024w, https:\/\/fishing-guides-slovenia.com\/wp-content\/uploads\/carp-2-300x200.webp 300w, https:\/\/fishing-guides-slovenia.com\/wp-content\/uploads\/carp-2-768x512.webp 768w, https:\/\/fishing-guides-slovenia.com\/wp-content\/uploads\/carp-2-18x12.webp 18w, https:\/\/fishing-guides-slovenia.com\/wp-content\/uploads\/carp-2.webp 1250w\" sizes=\"auto, (max-width: 1024px) 100vw, 1024px\" \/><figcaption class=\"wp-element-caption\">En karp i det vilda<\/figcaption><\/figure>\n\n\n\n<h2 class=\"wp-block-heading\">September<\/h2>\n\n\n\n<p>En b\u00f6rjan p\u00e5 Big Carp-fiske. Temperaturerna sjunker lite och det ger fisken en signal att b\u00f6rja \u00e4ta f\u00f6r de kallare m\u00e5naderna. F\u00f6ljaktligen f\u00e5r vi karpfiskare fler hugg och tyngre fiskar. Det \u00e4r mindre liv och r\u00f6relse p\u00e5 vattnet, turisterna ger sig av och lugnet \u00e5terv\u00e4nder, vilket g\u00f6r det till en idealisk tid f\u00f6r fiske. Naturen skiftar f\u00e4rg till varmare nyanser, och det g\u00f6r \u00e4ven karpen.<\/p>\n\n\n\n<figure class=\"wp-block-image size-large\"><img loading=\"lazy\" decoding=\"async\" width=\"1024\" height=\"569\" src=\"https:\/\/fishing-guides-slovenia.com\/wp-content\/uploads\/79149652_3868800523145553_1050175643389526016_o-1024x569.webp\" alt=\"\" class=\"wp-image-1390\" srcset=\"https:\/\/fishing-guides-slovenia.com\/wp-content\/uploads\/79149652_3868800523145553_1050175643389526016_o-1024x569.webp 1024w, https:\/\/fishing-guides-slovenia.com\/wp-content\/uploads\/79149652_3868800523145553_1050175643389526016_o-300x167.webp 300w, https:\/\/fishing-guides-slovenia.com\/wp-content\/uploads\/79149652_3868800523145553_1050175643389526016_o-768x427.webp 768w, https:\/\/fishing-guides-slovenia.com\/wp-content\/uploads\/79149652_3868800523145553_1050175643389526016_o-18x10.webp 18w, https:\/\/fishing-guides-slovenia.com\/wp-content\/uploads\/79149652_3868800523145553_1050175643389526016_o.webp 1440w\" sizes=\"auto, (max-width: 1024px) 100vw, 1024px\" \/><figcaption class=\"wp-element-caption\">Kyligt v\u00e4der inneb\u00e4r bra s\u00e4song f\u00f6r karpfiske<\/figcaption><\/figure>\n\n\n\n<h2 class=\"wp-block-heading\">Oktober<\/h2>\n\n\n\n<p>En utm\u00e4rkt m\u00e5nad f\u00f6r att sl\u00e5 sitt personliga karprekord och fortfarande kunna h\u00e5lla i det p\u00e5 ett foto utan att fingrarna fryser av de l\u00e5ga temperaturerna. Utfodringen \u00e4r som b\u00e4st och det \u00e4r sista chansen f\u00f6r karparna att g\u00e5 upp i vikt f\u00f6re vintern. Ja, det \u00e4r lite kallare, men bel\u00f6ningen \u00e4r st\u00f6rre, eller ska vi s\u00e4ga tyngre. Den b\u00e4sta tiden att \u00e5ka p\u00e5 karpfiske i Slovenien \u00e4r en gemensam \u00e5sikt fr\u00e5n alla v\u00e5ra karpfiskeguider.<\/p>\n\n\n\n<figure class=\"wp-block-image size-full\"><img loading=\"lazy\" decoding=\"async\" width=\"1250\" height=\"703\" src=\"https:\/\/fishing-guides-slovenia.com\/wp-content\/uploads\/bled-carp-7.webp\" alt=\"\" class=\"wp-image-1446\" srcset=\"https:\/\/fishing-guides-slovenia.com\/wp-content\/uploads\/bled-carp-7.webp 1250w, https:\/\/fishing-guides-slovenia.com\/wp-content\/uploads\/bled-carp-7-300x169.webp 300w, https:\/\/fishing-guides-slovenia.com\/wp-content\/uploads\/bled-carp-7-1024x576.webp 1024w, https:\/\/fishing-guides-slovenia.com\/wp-content\/uploads\/bled-carp-7-768x432.webp 768w, https:\/\/fishing-guides-slovenia.com\/wp-content\/uploads\/bled-carp-7-18x10.webp 18w\" sizes=\"auto, (max-width: 1250px) 100vw, 1250px\" \/><figcaption class=\"wp-element-caption\">T\u00e5lamod bel\u00f6nas<\/figcaption><\/figure>\n\n\n\n<h2 class=\"wp-block-heading\">November<\/h2>\n\n\n\n<p>Om du tar en promenad runt sj\u00f6n kommer du att se m\u00e5nga lokala karpfiskare, och de har en bra anledning. Alla v\u00e4ntar p\u00e5 de st\u00f6rsta fiskarna som fortfarande \u00e4ter. Huggen brukar komma l\u00e5ngsamt, men n\u00e4r de v\u00e4l kommer kan du ha ditt livs fisk i slutet av linan. Visst \u00e4r det kallt, men att fiska p\u00e5 Bledsj\u00f6n under dagarna eller campa vid \u0160martinskosj\u00f6n med en v\u00e4rmare i bivacken kan vara uth\u00e4rdligt n\u00e4r man tar h\u00e4nsyn till m\u00f6jligheten att f\u00e5 en f\u00e5ngst p\u00e5 30+ kg.<\/p>\n\n\n\n<figure class=\"wp-block-image size-large\"><img loading=\"lazy\" decoding=\"async\" width=\"1024\" height=\"524\" src=\"https:\/\/fishing-guides-slovenia.com\/wp-content\/uploads\/bled-carp-fishing-scaled-1024x524.webp\" alt=\"Fiske p\u00e5 den vackra sj\u00f6n Bled\" class=\"wp-image-2263\" srcset=\"https:\/\/fishing-guides-slovenia.com\/wp-content\/uploads\/bled-carp-fishing-scaled-1024x524.webp 1024w, https:\/\/fishing-guides-slovenia.com\/wp-content\/uploads\/bled-carp-fishing-scaled-300x154.webp 300w, https:\/\/fishing-guides-slovenia.com\/wp-content\/uploads\/bled-carp-fishing-scaled-768x393.webp 768w, https:\/\/fishing-guides-slovenia.com\/wp-content\/uploads\/bled-carp-fishing-scaled-1536x786.webp 1536w, https:\/\/fishing-guides-slovenia.com\/wp-content\/uploads\/bled-carp-fishing-scaled-18x9.webp 18w, https:\/\/fishing-guides-slovenia.com\/wp-content\/uploads\/bled-carp-fishing-scaled.webp 2000w\" sizes=\"auto, (max-width: 1024px) 100vw, 1024px\" \/><figcaption class=\"wp-element-caption\">Du kan fiska p\u00e5 Bledsj\u00f6ns str\u00e4nder under solnedg\u00e5ngen<\/figcaption><\/figure>\n\n\n\n<h2 class=\"wp-block-heading\">December<\/h2>\n\n\n\n<p>Fisket flyttar l\u00e5ngsamt till floderna, och de sista stora karparna kan f\u00e5ngas fr\u00e5n sj\u00f6arna s\u00e5 l\u00e4nge du \u00e4r tillr\u00e4ckligt ih\u00e4rdig. Om du vill prova p\u00e5 ett vinterdjur \u00e4r vi redo att guida dig.<\/p>\n\n\n\n<figure class=\"wp-block-image size-large is-resized\"><img loading=\"lazy\" decoding=\"async\" width=\"1024\" height=\"576\" src=\"https:\/\/fishing-guides-slovenia.com\/wp-content\/uploads\/Ljubljanica-River-1024x576.webp\" alt=\"Ljubljanica \u00e4r en flod i centrala Slovenien. Ljubljanica har sitt ursprung s\u00f6der om staden Vrhnika och mynnar ut i floden Sava cirka 10 kilometer nedstr\u00f6ms fr\u00e5n Ljubljana.\" class=\"wp-image-2407\" style=\"width:1450px;height:auto\" srcset=\"https:\/\/fishing-guides-slovenia.com\/wp-content\/uploads\/Ljubljanica-River-1024x576.webp 1024w, https:\/\/fishing-guides-slovenia.com\/wp-content\/uploads\/Ljubljanica-River-300x169.webp 300w, https:\/\/fishing-guides-slovenia.com\/wp-content\/uploads\/Ljubljanica-River-768x432.webp 768w, https:\/\/fishing-guides-slovenia.com\/wp-content\/uploads\/Ljubljanica-River-1536x864.webp 1536w, https:\/\/fishing-guides-slovenia.com\/wp-content\/uploads\/Ljubljanica-River-18x10.webp 18w, https:\/\/fishing-guides-slovenia.com\/wp-content\/uploads\/Ljubljanica-River.webp 2000w\" sizes=\"auto, (max-width: 1024px) 100vw, 1024px\" \/><figcaption class=\"wp-element-caption\">Testa lyckan p\u00e5 Ljubljanica-floden<\/figcaption><\/figure>","protected":false},"excerpt":{"rendered":"<p>Januari En m\u00e5nad f\u00f6r de mest ih\u00e4rdiga karpfiskarna. Sj\u00f6arna \u00e4r mestadels frusna, s\u00e5 floderna \u00e4r perfekta om du vill f\u00e5nga en vinterkarp. Med lite f\u00f6rbete \u00e4r chanserna till framg\u00e5ng inte alls sm\u00e5! Februari I februari beror karpfisket i Slovenien p\u00e5 hur h\u00e5rd vintern var ... <a href=\"https:\/\/fishing-guides-slovenia.com\/sv\/carp-fishing-season\/\">Forts\u00e4ttning<\/a><\/p>","protected":false},"author":46,"featured_media":0,"parent":0,"menu_order":4,"comment_status":"open","ping_status":"open","template":"","meta":{"footnotes":""},"class_list":["post-566","page","type-page","status-publish","hentry"],"acf":{"page_subheading":"Slovenia offers year-round fishing. Check out the best months for Carp fishing in Slovenia in order to catch the most and the biggest."},"_links":{"self":[{"href":"https:\/\/fishing-guides-slovenia.com\/sv\/wp-json\/wp\/v2\/pages\/566","targetHints":{"allow":["GET"]}}],"collection":[{"href":"https:\/\/fishing-guides-slovenia.com\/sv\/wp-json\/wp\/v2\/pages"}],"about":[{"href":"https:\/\/fishing-guides-slovenia.com\/sv\/wp-json\/wp\/v2\/types\/page"}],"author":[{"embeddable":true,"href":"https:\/\/fishing-guides-slovenia.com\/sv\/wp-json\/wp\/v2\/users\/46"}],"replies":[{"embeddable":true,"href":"https:\/\/fishing-guides-slovenia.com\/sv\/wp-json\/wp\/v2\/comments?post=566"}],"version-history":[{"count":6,"href":"https:\/\/fishing-guides-slovenia.com\/sv\/wp-json\/wp\/v2\/pages\/566\/revisions"}],"predecessor-version":[{"id":2408,"href":"https:\/\/fishing-guides-slovenia.com\/sv\/wp-json\/wp\/v2\/pages\/566\/revisions\/2408"}],"wp:attachment":[{"href":"https:\/\/fishing-guides-slovenia.com\/sv\/wp-json\/wp\/v2\/media?parent=566"}],"curies":[{"name":"wp","href":"https:\/\/api.w.org\/{rel}","templated":true}]}}