{"id":567,"date":"2020-04-23T10:14:11","date_gmt":"2020-04-23T10:14:11","guid":{"rendered":"http:\/\/fishing-guides-slovenia.com\/spin-fishing-season\/"},"modified":"2022-10-05T13:11:22","modified_gmt":"2022-10-05T13:11:22","slug":"sasong-for-spinnfiske","status":"publish","type":"page","link":"https:\/\/fishing-guides-slovenia.com\/sv\/spin-fishing-season\/","title":{"rendered":"S\u00e4song f\u00f6r spinnfiske"},"content":{"rendered":"<h2 class=\"wp-block-heading\"><strong>Januari<\/strong><\/h2>\n\n\n\n<p>Det h\u00e4r \u00e4r tiden f\u00f6r extrema sportfiskare som inte har n\u00e5got emot kyla och sn\u00f6 och som har \u00f6gonen riktade mot priset. N\u00e4r det g\u00e4ller spinnfiske i Slovenien \u00e4r priset en stor Huchen, som \u00e4r flodernas kung under vinterm\u00e5naderna, eller en stor g\u00e4dda, som fortfarande \u00e4r hungrig p\u00e5 bytet. De b\u00e4sta floderna f\u00f6r vinterspinnfiske \u00e4r Sava, sava Dolinka och Krka. Om du vill ha en urban upplevelse kan du prova Urban spin fishing p\u00e5 Ljubljanica-floden.<\/p>\n\n\n\n<h2 class=\"wp-block-heading\"><strong>Februari<\/strong><\/h2>\n\n\n\n<p>Huchen-s\u00e4songen slutar i mitten av februari, s\u00e5 t\u00e4nk p\u00e5 att bes\u00f6ka v\u00e5ra floder innan dess. N\u00e4r du missar chansen m\u00e5ste du v\u00e4nta till oktober f\u00f6r att f\u00f6rs\u00f6ka igen. G\u00e4ddans s\u00e4song slutar ocks\u00e5 i februari.<\/p>\n\n\n\n<figure class=\"wp-block-image\"><img decoding=\"async\" src=\"https:\/\/960335.smushcdn.com\/2671427\/wp-content\/uploads\/2020\/02\/ljubljanica-spin-2.webp?lossy=1&amp;strip=1&amp;webp=1\" alt=\"Floden Ljubljanica i Sloveniens huvudstad\"\/><\/figure>\n\n\n\n<h2 class=\"wp-block-heading\"><strong>Mars<\/strong><\/h2>\n\n\n\n<p>En tr\u00e5kig m\u00e5nad f\u00f6r spinnfiske, m\u00e5nga fiskarter \u00e4r inte tillg\u00e4ngliga. Det positiva \u00e4r att havskatten blir mer aktiv p\u00e5 grund av det varmare v\u00e4dret och du kan bes\u00f6ka Slovenien f\u00f6r att uppleva en kamp med monsterexemplar som finns i floderna Sava eller Vipava.<\/p>\n\n\n\n<h2 class=\"wp-block-heading\"><strong>April<\/strong><\/h2>\n\n\n\n<p>Du kan fortfarande fiska efter havskatt eller f\u00f6rs\u00f6ka locka en asp till att ta ditt bete. Men de flesta spinnfiskare har redan \u00f6gonen p\u00e5 maj och d\u00e4rmed p\u00e5 att g\u00e4ddans\u00e4songen b\u00f6rjar.<\/p>\n\n\n\n<figure class=\"wp-block-image\"><img decoding=\"async\" src=\"https:\/\/960335.smushcdn.com\/2671427\/wp-content\/uploads\/2020\/02\/vipava-1.webp?lossy=1&amp;strip=1&amp;webp=1\" alt=\"Kv\u00e4llsfisket slutade med en stor f\u00e5ngst\"\/><\/figure>\n\n\n\n<h2 class=\"wp-block-heading\"><strong>Maj<\/strong><\/h2>\n\n\n\n<p>Den tid som alla spinnfiskare har v\u00e4ntat p\u00e5 \u00e4r nu \u00e4ntligen inne, n\u00e4mligen g\u00e4ddanss\u00e4songen. Vattnen \u00e4r fulla av spinnfiskare som f\u00f6rs\u00f6ker f\u00e5nga hungriga rovdjur som precis har lekt och \u00e4r redo att \u00e4ta. Du kan naturligtvis f\u00e5nga andra arter p\u00e5 v\u00e4gen, men m\u00e5nga av dem \u00e4r fortfarande skyddade, s\u00e5 du m\u00e5ste sl\u00e4ppa tillbaka dem omedelbart.<\/p>\n\n\n\n<h2 class=\"wp-block-heading\"><strong>Juni<\/strong><\/h2>\n\n\n\n<p>G\u00e4dda \u00e4r redan p\u00e5 jakt, och en annan rovfisk som ocks\u00e5 bor i b\u00e5de floder och sj\u00f6ar \u00e4r tillbaka p\u00e5 m\u00e5llistan. Det \u00e4r g\u00f6s. B\u00e5da kan fiskas vid Bledsj\u00f6n, s\u00e5 om du letar efter ett spinnfiske\u00e4ventyr i Slovenien \u00e4r det vad vi rekommenderar. Havskatten leker och \u00e4r avst\u00e4ngd p\u00e5 ett tag.<\/p>\n\n\n\n<figure class=\"wp-block-image\"><img decoding=\"async\" src=\"https:\/\/960335.smushcdn.com\/2671427\/wp-content\/uploads\/2020\/02\/sava-3.webp?lossy=1&amp;strip=1&amp;webp=1\" alt=\"Stor fisk fr\u00e5n floden Sava\"\/><\/figure>\n\n\n\n<h2 class=\"wp-block-heading\"><strong>juli, augusti<\/strong><\/h2>\n\n\n\n<p>Sommarm\u00e5naderna g\u00e5r hand i hand med spinning. Det varma v\u00e4dret p\u00e5 morgonen g\u00f6r att du kan fiska effektivt och vila under dagen, se n\u00e5gra sev\u00e4rdheter och \u00e5terv\u00e4nda p\u00e5 eftermiddagen n\u00e4r temperaturen sjunker och all turism p\u00e5 vattnet f\u00f6rsvinner.&nbsp;<\/p>\n\n\n\n<h2 class=\"wp-block-heading\"><strong>September<\/strong><\/h2>\n\n\n\n<p>G\u00e4ddan sl\u00e5r till n\u00e4r l\u00f6ven faller ner, det \u00e4r ett ordspr\u00e5k som vi anv\u00e4nder i Slovenien vid spinnfiske. Fisken b\u00f6rjar \u00e4ta mer regelbundet p\u00e5 grund av temperaturs\u00e4nkningen och chanserna f\u00f6r en bra f\u00e5ngst \u00f6kar. Om du dessutom l\u00e4gger till naturens f\u00e4rger, som \u00f6verg\u00e5r till varma nyanser, \u00e4r fiske p\u00e5 h\u00f6sten perfekt!<\/p>\n\n\n\n<figure class=\"wp-block-image\"><img decoding=\"async\" src=\"https:\/\/960335.smushcdn.com\/2671427\/wp-content\/uploads\/2020\/02\/sava-1.webp?lossy=1&amp;strip=1&amp;webp=1\" alt=\"\u00d6ring fr\u00e5n floden Sava\"\/><\/figure>\n\n\n\n<h2 class=\"wp-block-heading\"><strong>Oktober<\/strong><\/h2>\n\n\n\n<p>I oktober handlar allt om Huchen-fiske. Den l\u00e5nga v\u00e4ntan har tagit slut och flodernas kung \u00e4r aktiv igen, redo f\u00f6r dig att f\u00e5nga. Det \u00e4r sv\u00e5rt, men om du lyckas \u00e4r gl\u00e4djen obeskrivlig. Om du inte vet hur du ska f\u00e5nga den eller inte har n\u00e5gon aning om var du ska b\u00f6rja, kommer v\u00e5ra guider att bist\u00e5 dig och hj\u00e4lpa dig att landa din f\u00f6rsta kung.<\/p>\n\n\n\n<h2 class=\"wp-block-heading\"><strong>November och december<\/strong><\/h2>\n\n\n\n<p>N\u00e4r Huchenfiskes\u00e4songen \u00e4r som b\u00e4st f\u00e5r alla andra fiskare l\u00e4mna plats f\u00f6r de f\u00e5 som vet hur man uppskattar en f\u00e5ngst av en s\u00e5 majest\u00e4tisk varelse som Huchen.<\/p>\n\n\n\n<figure class=\"wp-block-image size-large\"><img decoding=\"async\" src=\"https:\/\/fishing-guides-slovenia.com\/wp-content\/uploads\/image-1-1024x682.webp\" alt=\"\" class=\"wp-image-1281\"\/><\/figure>","protected":false},"excerpt":{"rendered":"<p>Januari Detta \u00e4r tiden f\u00f6r extrema sportfiskare, som inte har n\u00e5got emot kyla och sn\u00f6 och har \u00f6gonen inst\u00e4llda p\u00e5 priset. N\u00e4r det g\u00e4ller spinnfiske i Slovenien \u00e4r priset en stor Huchen, som \u00e4r kungen av floderna under vinterm\u00e5naderna eller en stor g\u00e4dda, som fortfarande \u00e4r hungrig efter bytet. B\u00e4sta ... <a href=\"https:\/\/fishing-guides-slovenia.com\/sv\/spin-fishing-season\/\">Forts\u00e4ttning<\/a><\/p>","protected":false},"author":46,"featured_media":0,"parent":0,"menu_order":27,"comment_status":"open","ping_status":"open","template":"","meta":{"footnotes":""},"class_list":["post-567","page","type-page","status-publish","hentry"],"acf":{"page_subheading":"Check out which parts of the year suit most to each freshwater predator in order to maximize your chances to catch Pike, Huchen, Catfish or Zander."},"_links":{"self":[{"href":"https:\/\/fishing-guides-slovenia.com\/sv\/wp-json\/wp\/v2\/pages\/567","targetHints":{"allow":["GET"]}}],"collection":[{"href":"https:\/\/fishing-guides-slovenia.com\/sv\/wp-json\/wp\/v2\/pages"}],"about":[{"href":"https:\/\/fishing-guides-slovenia.com\/sv\/wp-json\/wp\/v2\/types\/page"}],"author":[{"embeddable":true,"href":"https:\/\/fishing-guides-slovenia.com\/sv\/wp-json\/wp\/v2\/users\/46"}],"replies":[{"embeddable":true,"href":"https:\/\/fishing-guides-slovenia.com\/sv\/wp-json\/wp\/v2\/comments?post=567"}],"version-history":[{"count":1,"href":"https:\/\/fishing-guides-slovenia.com\/sv\/wp-json\/wp\/v2\/pages\/567\/revisions"}],"predecessor-version":[{"id":1283,"href":"https:\/\/fishing-guides-slovenia.com\/sv\/wp-json\/wp\/v2\/pages\/567\/revisions\/1283"}],"wp:attachment":[{"href":"https:\/\/fishing-guides-slovenia.com\/sv\/wp-json\/wp\/v2\/media?parent=567"}],"curies":[{"name":"wp","href":"https:\/\/api.w.org\/{rel}","templated":true}]}}