{"id":569,"date":"2020-04-23T10:22:06","date_gmt":"2020-04-23T10:22:06","guid":{"rendered":"http:\/\/fishing-guides-slovenia.com\/sea-fishing-season\/"},"modified":"2022-10-05T13:17:10","modified_gmt":"2022-10-05T13:17:10","slug":"sasong-for-havsfiske","status":"publish","type":"page","link":"https:\/\/fishing-guides-slovenia.com\/sv\/sea-fishing-season\/","title":{"rendered":"S\u00e4song f\u00f6r havsfiske"},"content":{"rendered":"<h2 class=\"wp-block-heading\"><strong>Vinter<\/strong><\/h2>\n\n\n\n<p>Fisket efter stora spel \u00e4r aktivt under vintern, f\u00f6rh\u00e5llandena \u00e4r inte idealiska, men f\u00f6r dem som vill f\u00e5nga en stor tonfisk eller ett annat havsmonster \u00e4r det d\u00e5liga v\u00e4dret inget hinder. Om du f\u00f6redrar mindre extrema varianter av fiske kan du prova att fiska efter calamari eller havsabborre fr\u00e5n den slovenska kusten.<\/p>\n\n\n\n<figure class=\"wp-block-image\"><img decoding=\"async\" src=\"https:\/\/960335.smushcdn.com\/2671427\/wp-content\/uploads\/2020\/04\/webp_net_resizeimage_z8rzO.webp?lossy=1&amp;strip=1&amp;webp=1\" alt=\"En annan fiskart som f\u00e5ngas vid tonfiskfiske i Adriatiska havet\"\/><\/figure>\n\n\n\n<h2 class=\"wp-block-heading\"><strong>V\u00e5ren<\/strong><\/h2>\n\n\n\n<p>P\u00e5 v\u00e5ren, n\u00e4r temperaturen stiger, blir fiskaktiviteten b\u00e4ttre och b\u00e4ttre, vilket inneb\u00e4r att man f\u00e5ngar st\u00f6rre och fler fiskar. Storviltfisket \u00e4r i full g\u00e5ng, s\u00e5 om du inte har best\u00e4mt dig f\u00f6r att prova det p\u00e5 vintern, g\u00f6r det p\u00e5 v\u00e5ren n\u00e4r f\u00f6rh\u00e5llandena \u00e4r mycket b\u00e4ttre. \u00c4ven kustfisket \u00e4r bra p\u00e5 v\u00e5ren, s\u00e5 om du \u00e4r ute efter ett \u00e4ventyr \u00e4r du p\u00e5 r\u00e4tt sida.<\/p>\n\n\n\n<figure class=\"wp-block-image\"><img decoding=\"async\" src=\"https:\/\/960335.smushcdn.com\/2671427\/wp-content\/uploads\/2020\/04\/webp_net_resizeimage_jFEcQ.webp?lossy=1&amp;strip=1&amp;webp=1\" alt=\"\"\/><\/figure>\n\n\n\n<h2 class=\"wp-block-heading\"><strong>Sommar<\/strong><\/h2>\n\n\n\n<p>Storviltfisket \u00e4r inte perfekt under sommarm\u00e5naderna, s\u00e5 det \u00e4r b\u00e4ttre att fokusera p\u00e5 att fiska olika arter. Under den tiden kan du f\u00f6rs\u00f6ka fiska efter mindre fiskar, som p\u00e5 v\u00e5r fiskeresa till havs, och tillbringa lite tid i trevligt s\u00e4llskap med dina v\u00e4nner eller familjemedlemmar. En annan m\u00f6jlig typ av fiske som \u00e4r mycket popul\u00e4r under varma sommarm\u00e5nader \u00e4r fiske med spjutspjut. Om du \u00e4r en entusiast av speargunfiske och vill fiska i Adriatiska havet, kommer v\u00e5ra Sea fiskeguider, som ocks\u00e5 \u00e4lskar den typen av fiske, att ta dig under ytan d\u00e4r du kommer att njuta av Adriatiska havets varierande v\u00e4rld.<\/p>\n\n\n\n<figure class=\"wp-block-image\"><img decoding=\"async\" src=\"https:\/\/960335.smushcdn.com\/2671427\/wp-content\/uploads\/2020\/04\/webp_net_resizeimage_ArFjC.webp?lossy=1&amp;strip=1&amp;webp=1\" alt=\"Adriatisk tonfisk i storlek av en vuxen man.\"\/><\/figure>\n\n\n\n<h2 class=\"wp-block-heading\"><strong>H\u00f6st<\/strong><\/h2>\n\n\n\n<p>P\u00e5 h\u00f6sten fiskas Mahi mahi vid den slovenska kusten, och fiskarna sl\u00e5r inga rekord, men k\u00e4mpar \u00e4nd\u00e5 h\u00e5rt.<br>Fisket efter tonfisk \u00e4r tillbaka p\u00e5 menyn, och med det alla andra stora arter fr\u00e5n Adriatiska havet. Om vinden inte bl\u00e5ser f\u00f6r h\u00e5rt har du chansen att f\u00e5nga en riktig stor fisk, s\u00e5 den h\u00e4r tiden p\u00e5 \u00e5ret \u00e4r perfekt f\u00f6r att boka en resa p\u00e5 n\u00e5gra dagar och f\u00f6lja med v\u00e5r guide f\u00f6r fiske efter stora fiskar p\u00e5 hans b\u00e5t.<\/p>","protected":false},"excerpt":{"rendered":"<p>Vinter Stora spel Fiske \u00e4r aktivt under vintern, f\u00f6rh\u00e5llandena \u00e4r inte idealiska, men f\u00f6r dem som vill f\u00e5nga en stor tonfisk eller annat havsmonster \u00e4r d\u00e5ligt v\u00e4der inte ett hinder. Om du f\u00f6redrar mindre extrema varianter av fiske kan du prova att fiska efter Calamari eller Sea Bass fr\u00e5n Sloveniens kust. V\u00e5ren i ... <a href=\"https:\/\/fishing-guides-slovenia.com\/sv\/sea-fishing-season\/\">Forts\u00e4ttning<\/a><\/p>","protected":false},"author":46,"featured_media":0,"parent":0,"menu_order":26,"comment_status":"open","ping_status":"open","template":"","meta":{"footnotes":""},"class_list":["post-569","page","type-page","status-publish","hentry"],"acf":{"page_subheading":"Check out the best parts of the sea fishing season to help you catch more fish in the Adriatic sea, weather catching Sea Bass, Tuna or Mahi Mahi."},"_links":{"self":[{"href":"https:\/\/fishing-guides-slovenia.com\/sv\/wp-json\/wp\/v2\/pages\/569","targetHints":{"allow":["GET"]}}],"collection":[{"href":"https:\/\/fishing-guides-slovenia.com\/sv\/wp-json\/wp\/v2\/pages"}],"about":[{"href":"https:\/\/fishing-guides-slovenia.com\/sv\/wp-json\/wp\/v2\/types\/page"}],"author":[{"embeddable":true,"href":"https:\/\/fishing-guides-slovenia.com\/sv\/wp-json\/wp\/v2\/users\/46"}],"replies":[{"embeddable":true,"href":"https:\/\/fishing-guides-slovenia.com\/sv\/wp-json\/wp\/v2\/comments?post=569"}],"version-history":[{"count":1,"href":"https:\/\/fishing-guides-slovenia.com\/sv\/wp-json\/wp\/v2\/pages\/569\/revisions"}],"predecessor-version":[{"id":1285,"href":"https:\/\/fishing-guides-slovenia.com\/sv\/wp-json\/wp\/v2\/pages\/569\/revisions\/1285"}],"wp:attachment":[{"href":"https:\/\/fishing-guides-slovenia.com\/sv\/wp-json\/wp\/v2\/media?parent=569"}],"curies":[{"name":"wp","href":"https:\/\/api.w.org\/{rel}","templated":true}]}}