{"id":571,"date":"2020-06-01T19:31:51","date_gmt":"2020-06-01T19:31:51","guid":{"rendered":"http:\/\/fishing-guides-slovenia.com\/partners\/"},"modified":"2020-06-01T19:31:51","modified_gmt":"2020-06-01T19:31:51","slug":"partners","status":"publish","type":"page","link":"https:\/\/fishing-guides-slovenia.com\/sv\/partners\/","title":{"rendered":"Partners"},"content":{"rendered":"<h2 class=\"partners-h2\"><strong><a href=\"https:\/\/bearwatchingslovenia.com\/\" target=\"_blank\" rel=\"noreferrer noopener\">BJ\u00d6RNOBSERVATION SLOVENIEN<\/a><\/strong><\/h2>\n\n\n\n<p>Upplev sp\u00e4nningen med att titta p\u00e5 bj\u00f6rnar i Sloveniens or\u00f6rda naturskogar. F\u00f6lj med en viltexpert djupt in i skogen d\u00e4r du f\u00e5r tr\u00e4ffa Sloveniens inhemska brunbj\u00f6rn genom de breda f\u00f6nstren p\u00e5 en s\u00e4ker utsiktsplats i tr\u00e4 - perfekt f\u00f6r att ta fantastiska bilder.<\/p>\n\n\n\n<h2 class=\"partners-h2\"><a href=\"https:\/\/farmlifeslovenia.com\" data-type=\"URL\"><strong>LIVET P\u00c5 G\u00c5RDEN SLOVENIEN<\/strong><\/a><\/h2>\n\n\n\n<p>Tillbringa en dag p\u00e5 en typisk slovensk g\u00e5rd d\u00e4r du kan se och uppleva ett antal aktiviteter p\u00e5 n\u00e4ra h\u00e5ll. Beroende p\u00e5 s\u00e4song kan du delta i arbetet p\u00e5 f\u00e4lten, skala majs, samla in \u00e4gg, baka br\u00f6d, biodla osv.<\/p>\n\n\n\n<h2 class=\"partners-h2\"><a rel=\"noreferrer noopener\" href=\"https:\/\/slovenia-activities.com\/\" target=\"_blank\"><strong>SLOVENIEN VERKSAMHET<\/strong><\/a><\/h2>\n\n\n\n<p>Ett brett utbud av de b\u00e4sta sakerna att g\u00f6ra i Slovenien, fr\u00e5n cykling, vandring, vinteraktiviteter, kl\u00e4ttring, grottor, canyoning, forsr\u00e4nning och andra utomhusaktiviteter.<\/p>\n\n\n\n<h2 class=\"partners-h2\"><strong><a href=\"https:\/\/wine-tours-slovenia.com\/\" target=\"_blank\" rel=\"noreferrer noopener\">VINRESOR SLOVENIEN<\/a><\/strong><\/h2>\n\n\n\n<p>Vinresor \u00e4r perfekta f\u00f6r b\u00e5de nyb\u00f6rjare och erfarna vinprovare. Du beh\u00f6ver inga f\u00f6rkunskaper. Det enda som kr\u00e4vs \u00e4r viljan att koppla av, dricka vin och koppla av lite till.<\/p>\n\n\n\n<p>Det finns inget b\u00e4ttre s\u00e4tt att uppleva Sloveniens rika vinframst\u00e4llningstradition p\u00e5 n\u00e4ra h\u00e5ll, umg\u00e5s med andra resen\u00e4rer och smaka p\u00e5 naturens sk\u00f6te under en enda dag.<\/p>\n\n\n\n<h2 class=\"partners-h2\"><strong><a href=\"https:\/\/sloveniaprivatetours.com\/\" target=\"_blank\" rel=\"noreferrer noopener\">SLOVENIEN PRIVATA TURER<\/a><\/strong><\/h2>\n\n\n\n<p>Privata turer i Slovenien \u00e4r din chans att uppleva v\u00e5rt land helt utan stress, i s\u00e4llskap med en professionell lokal chauff\u00f6r och guide som visar dig vad Slovenien handlar om.<\/p>\n\n\n\n<h2 class=\"partners-h2\"><a href=\"https:\/\/winetastingljubljana.com\/\" target=\"_blank\" rel=\"noreferrer noopener\"><strong>VINPROVNING LJUBLJANA<\/strong><\/a><\/h2>\n\n\n\n<p>En unik vinprovning i centrum av Sloveniens pulserande huvudstad.<\/p>\n\n\n\n<h2 class=\"partners-h2\"><a href=\"https:\/\/triglavtours.com\/\" target=\"_blank\" rel=\"noreferrer noopener\"><strong>TRIGLAV TOURS<\/strong><\/a><\/h2>\n\n\n\n<p>Guidade vandringsturer upp p\u00e5 Sloveniens h\u00f6gsta berg<\/p>\n\n\n\n<h2 class=\"partners-h2\"><strong><a href=\"https:\/\/thebalkantours.com\/\" target=\"_blank\" rel=\"noreferrer noopener\">TURER P\u00c5 BALKAN<\/a><\/strong><\/h2>\n\n\n\n<p>Of\u00f6rgl\u00f6mliga semestrar i Balkanl\u00e4nderna.<\/p>\n\n\n\n<h2 class=\"partners-h2\"><strong><a href=\"https:\/\/sloveniacyclingholidays.com\/\" target=\"_blank\" rel=\"noreferrer noopener\">SLOVENIEN CYKELSEMESTER<\/a><\/strong><\/h2>\n\n\n\n<p>Cycling Holidays Slovenia \u00e4r en nybliven resebyr\u00e5 vars uppdrag \u00e4r att ge sina kunder m\u00f6jlighet att uppleva Sloveniens varierande landskap p\u00e5 cykel.<\/p>\n\n\n\n<h2 class=\"partners-h2\"><strong><a href=\"https:\/\/huttohuthikingslovenia.com\/\" target=\"_blank\" rel=\"noreferrer noopener\">VANDRING FR\u00c5N HYDDA TILL HYDDA I SLOVENIEN<\/a><\/strong><\/h2>\n\n\n\n<p>Guidade och sj\u00e4lvguidade vandringar p\u00e5 bergsstigar med utsikt \u00f6ver alptopparna och den omgivande naturen, vila i stugor och avnjutning av hemlagade r\u00e4tter.&nbsp;<\/p>\n\n\n\n<h2 class=\"partners-h2\"><strong><a href=\"https:\/\/walking-holidays-slovenia.com\/\" target=\"_blank\" rel=\"noreferrer noopener\">VANDRINGSSEMESTER I SLOVENIEN<\/a><\/strong><\/h2>\n\n\n\n<p>Vandringsturerna \u00e4r utformade f\u00f6r att ta g\u00e4sterna genom Sloveniens gr\u00f6na landskap, saftiga dalar och smaragdgr\u00f6na floder med bergskulisser i bakgrunden.<\/p>\n\n\n\n<h2 class=\"partners-h2\"><strong><a href=\"https:\/\/hvarstagdo.com\/\" target=\"_blank\" rel=\"noreferrer noopener\">HVAR STAG DO<\/a><\/strong><\/h2>\n\n\n\n<p>B\u00e4sta st\u00e4llet f\u00f6r att organisera en of\u00f6rgl\u00f6mlig svensexa p\u00e5 den otroliga \u00f6n Hvar f\u00f6r att ge din v\u00e4n n\u00e5gra sista n\u00e4tter att festa innan han gifter sig.<\/p>\n\n\n\n<h2 class=\"partners-h2\"><strong><a href=\"https:\/\/croatiatunafishing.com\/\" target=\"_blank\" rel=\"noreferrer noopener\">KROATIEN TONFISKFISKE<\/a><\/strong><\/h2>\n\n\n\n<p>Charters f\u00f6r storviltfiske l\u00e4ngs hela Kroatiens kust med en of\u00f6rgl\u00f6mlig havsfiskeupplevelse f\u00f6r att f\u00e5nga de st\u00f6rsta rovdjuren i Adriatiska havet.<\/p>","protected":false},"excerpt":{"rendered":"<p>B\u00c4RSK\u00c5DNING SLOVENIEN Upplev sp\u00e4nningen med bj\u00f6rnsk\u00e5dning i de or\u00f6rda naturskogarna i Slovenien. F\u00f6lj en expert p\u00e5 vilda djur djupt in i skogen, d\u00e4r du kommer att tr\u00e4ffa Sloveniens inhemska brunbj\u00f6rn genom de stora f\u00f6nstren i en s\u00e4ker tr\u00e4utkik - perfekt f\u00f6r att ta fantastiska bilder FARM LIFE SLOVENIEN Tillbringa en dag p\u00e5 en ... <a href=\"https:\/\/fishing-guides-slovenia.com\/sv\/partners\/\">Forts\u00e4ttning<\/a><\/p>","protected":false},"author":46,"featured_media":0,"parent":0,"menu_order":23,"comment_status":"open","ping_status":"open","template":"","meta":{"footnotes":""},"class_list":["post-571","page","type-page","status-publish","hentry"],"acf":{"page_subheading":""},"_links":{"self":[{"href":"https:\/\/fishing-guides-slovenia.com\/sv\/wp-json\/wp\/v2\/pages\/571","targetHints":{"allow":["GET"]}}],"collection":[{"href":"https:\/\/fishing-guides-slovenia.com\/sv\/wp-json\/wp\/v2\/pages"}],"about":[{"href":"https:\/\/fishing-guides-slovenia.com\/sv\/wp-json\/wp\/v2\/types\/page"}],"author":[{"embeddable":true,"href":"https:\/\/fishing-guides-slovenia.com\/sv\/wp-json\/wp\/v2\/users\/46"}],"replies":[{"embeddable":true,"href":"https:\/\/fishing-guides-slovenia.com\/sv\/wp-json\/wp\/v2\/comments?post=571"}],"version-history":[{"count":0,"href":"https:\/\/fishing-guides-slovenia.com\/sv\/wp-json\/wp\/v2\/pages\/571\/revisions"}],"wp:attachment":[{"href":"https:\/\/fishing-guides-slovenia.com\/sv\/wp-json\/wp\/v2\/media?parent=571"}],"curies":[{"name":"wp","href":"https:\/\/api.w.org\/{rel}","templated":true}]}}